{"id":50,"date":"2018-06-28T11:05:10","date_gmt":"2018-06-28T09:05:10","guid":{"rendered":"http:\/\/holzbau-thamm.com\/?page_id=50"},"modified":"2022-05-06T16:47:48","modified_gmt":"2022-05-06T14:47:48","slug":"ueber-uns","status":"publish","type":"page","link":"http:\/\/holzbau-thamm.com\/?page_id=50","title":{"rendered":"\u00dcBER UNS"},"content":{"rendered":"\n<p class=\"has-medium-font-size\">Seit \u00fcber 25 Jahren sind wir im Holzbau t\u00e4tig. Mit den beiden Unternehmensbereichen Zimmerei und Schreinerei bieten wir verschiedenste Leistungen und Service rund um den Bereich Holzbau.<\/p>\n\n\n\n<hr class=\"wp-block-separator\"\/>\n\n\n\n<p class=\"has-medium-font-size\"><strong>So individuell wie die Vorstellungen und Anspr\u00fcche unserer Kunden sind auch die L\u00f6sungen die wir f\u00fcr sie erarbeiten und umsetzen. Wir verstehen uns als Probleml\u00f6ser und haben stets ein offenes Ohr f\u00fcr die W\u00fcnsche der Menschen mit denen wir zusammenarbeiten. Deshalb sind wir vorwiegend in der Region t\u00e4tig und immer in der N\u00e4he unserer Kunden.<\/strong><\/p>\n\n\n\n<hr class=\"wp-block-separator\"\/>\n\n\n\n<p class=\"has-medium-font-size\">Unser Team&nbsp; sorgt mit Erfahrung, K\u00f6nnen und Leidenschaft f\u00fcr die Umsetzung unserer Projekte zur vollen Zufriedenheit unserer Kunden. Qualit\u00e4t und Pr\u00e4zision zeichnen unsere Arbeit aus, von der Auswahl der Materialien, \u00fcber die genaue Planung bis hin zum ma\u00dfgefertigten Produkt. Bei der Fertigung in unserer Produktionshalle und bei der Montage vor Ort, wird immer mit h\u00f6chster Sorgfalt gearbeitet, so dass Sie sich \u00fcber hochwertige und langlebige Ergebnisse freuen d\u00fcrfen.<\/p>\n","protected":false},"excerpt":{"rendered":"<p>Seit \u00fcber 25 Jahren sind wir im Holzbau t\u00e4tig. Mit den beiden Unternehmensbereichen Zimmerei und Schreinerei bieten wir verschiedenste Leistungen und Service rund&#8230;<\/p>\n","protected":false},"author":2,"featured_media":0,"parent":0,"menu_order":0,"comment_status":"closed","ping_status":"closed","template":"","meta":{"ngg_post_thumbnail":0},"_links":{"self":[{"href":"http:\/\/holzbau-thamm.com\/index.php?rest_route=\/wp\/v2\/pages\/50"}],"collection":[{"href":"http:\/\/holzbau-thamm.com\/index.php?rest_route=\/wp\/v2\/pages"}],"about":[{"href":"http:\/\/holzbau-thamm.com\/index.php?rest_route=\/wp\/v2\/types\/page"}],"author":[{"embeddable":true,"href":"http:\/\/holzbau-thamm.com\/index.php?rest_route=\/wp\/v2\/users\/2"}],"replies":[{"embeddable":true,"href":"http:\/\/holzbau-thamm.com\/index.php?rest_route=%2Fwp%2Fv2%2Fcomments&post=50"}],"version-history":[{"count":7,"href":"http:\/\/holzbau-thamm.com\/index.php?rest_route=\/wp\/v2\/pages\/50\/revisions"}],"predecessor-version":[{"id":229,"href":"http:\/\/holzbau-thamm.com\/index.php?rest_route=\/wp\/v2\/pages\/50\/revisions\/229"}],"wp:attachment":[{"href":"http:\/\/holzbau-thamm.com\/index.php?rest_route=%2Fwp%2Fv2%2Fmedia&parent=50"}],"curies":[{"name":"wp","href":"https:\/\/api.w.org\/{rel}","templated":true}]}}